{"id":484,"date":"2025-08-04T07:28:17","date_gmt":"2025-08-04T07:28:17","guid":{"rendered":"https:\/\/www.its-industry.sk\/kontakt\/"},"modified":"2025-12-11T12:26:21","modified_gmt":"2025-12-11T12:26:21","slug":"kontakt","status":"publish","type":"page","link":"https:\/\/www.its-industry.sk\/de\/kontakt\/","title":{"rendered":"Kontakt"},"content":{"rendered":"<div id=\"pl-gb484-69e266b2cb44e\"  class=\"panel-layout\" ><div id=\"pg-gb484-69e266b2cb44e-0\"  class=\"panel-grid panel-has-style\" ><div class=\"siteorigin-panels-stretch panel-row-style panel-row-style-for-gb484-69e266b2cb44e-0\" data-stretch-type=\"full-width-stretch\" ><div id=\"pgc-gb484-69e266b2cb44e-0-0\"  class=\"panel-grid-cell\" ><div id=\"panel-gb484-69e266b2cb44e-0-0-0\" class=\"widget_text so-panel widget widget_custom_html panel-first-child panel-last-child\" data-index=\"0\" ><div class=\"textwidget custom-html-widget\"><section class=\"content-section panel-contact-map small-pad\" id=\"map\">\n  <article>\n    <div class=\"container\">\n      <div class=\"map-container\">\n                <figure class=\"main\"><img decoding=\"async\" src=\"https:\/\/www.its-industry.sk\/wp-content\/themes\/its\/assets\/img\/panels\/map\/map.webp\" alt=\"\" class=\"desktop\"><\/figure>\n        <div class=\"body\">\n          <div class=\"map-infobox\">\n            <div class=\"header\">\n              <div class=\"title\">Ein globales Netzwerk von hochqualifizierten Fachleuten aus mehr als 6 L\u00e4ndern.<\/div>\n            <\/div>\n            <div class=\"body\">\n              <ul>\n                <li>Deutschland<\/li>\n                <li>\u00d6sterreich<\/li>\n                <li>Frankreich<\/li>\n                <li>Tschechische Republik<\/li>\n                <li>Polen<\/li>\n                <li>Slowakei<\/li>\n              <\/ul>\n            <\/div>\n          <\/div>\n        <\/div>\n      <\/div>\n    <\/div>\n  <\/article>\n<\/section><\/div><\/div><\/div><\/div><\/div><div id=\"pg-gb484-69e266b2cb44e-1\"  class=\"panel-grid panel-has-style\" ><div class=\"siteorigin-panels-stretch panel-row-style panel-row-style-for-gb484-69e266b2cb44e-1\" data-stretch-type=\"full-width-stretch\" ><div id=\"pgc-gb484-69e266b2cb44e-1-0\"  class=\"panel-grid-cell\" ><div id=\"panel-gb484-69e266b2cb44e-1-0-0\" class=\"widget_text so-panel widget widget_custom_html panel-first-child panel-last-child\" data-index=\"1\" ><div class=\"textwidget custom-html-widget\"><section class=\"content-section panel-contact-form\" id=\"contact\">\n  <div class=\"container\">\n    <header class=\"content-section-header\">\n      <div class=\"three-side-wrapper\">\n        <div class=\"left-side\">\n          <h2 class=\"content-section-pre-title\">Kontaktieren Sie uns<\/h2>\n        <\/div>\n        <div class=\"middle-side\">\n          <div class=\"quick-contact\">\n            <span class=\"label\">Rufen Sie uns an:<\/span>\n            <span class=\"value\">+421 903 293 805<\/span>\n          <\/div>\n        <\/div>\n        <div class=\"right-side\">\n          <div class=\"quick-contact\">\n            <span class=\"label\">E-Mail senden:<\/span>\n            <span class=\"value\">info@its-industry.sk<\/span>\n          <\/div>\n        <\/div>\n      <\/div>\n    <\/header>\n    <article>\n      <div class=\"two-side-wrapper\">\n        <div class=\"left-side\">\n          <figure class=\"main\"><img decoding=\"async\" src=\"https:\/\/www.its-industry.sk\/wp-content\/themes\/its\/assets\/img\/panels\/contact\/main.webp\" alt=\"\"><\/figure>\n          <div class=\"content-section-title small\">Meistern Sie Herausforderungen Ihrer Branche mit Leichtigkeit<\/div>\n          <div class=\"content-section-sub-title\">Wir sind hier, um Sie bei der L\u00f6sung von Branchenproblemen mit Zuversicht und Sorgfalt zu unterst\u00fctzen. Sprechen wir dar\u00fcber. <\/div>\n        <\/div>\n        <div class=\"right-side\">\n          <div class=\"contact-form-container\">\n            <form class=\"contact form-theme-dark\" action=\"https:\/\/www.its-industry.sk\/wp-content\/themes\/its\/entity\/contact\/forms\/send.php\" method=\"post\" data-js-callback=\"site.submitGeneralForm\" enctype=\"multipart\/form-data\" novalidate>\n  <div class=\"inner\">\n    <fieldset>\n      <div class=\"columns-wrapper\">\n        <div class=\"column full-width\">\n          <div class=\"form-control-group\">\n            <div class=\"input-wrapper\">\n              <label class=\"form-control-label\" for=\"contact-form-full-name\">Ihr Name<\/label>\n              <input id=\"contact-form-full-name\" type=\"text\" name=\"full-name\" class=\"form-control\" title=\"\" placeholder=\"Name Nachname\" required>\n              <div class=\"form-control-error\" data-rel=\"full-name\">Bitte geben Sie Ihren Namen ein.<\/div>\n            <\/div>\n          <\/div>\n        <\/div>\n                <div class=\"column full-width\">\n          <div class=\"form-control-group\">\n            <div class=\"input-wrapper\">\n              <label class=\"form-control-label\" for=\"contact-form-email\">Ihre E-Mail-Adresse<\/label>\n              <input id=\"contact-form-email\" type=\"email\" name=\"email\" class=\"form-control\" title=\"\" placeholder=\"E-Mail\" required>\n              <div class=\"form-control-error\" data-rel=\"email\">Geben Sie Ihre E-Mail-Adresse ein<\/div>\n            <\/div>\n          <\/div>\n        <\/div>\n                <div class=\"column full-width\">\n          <div class=\"form-control-group textarea\">\n            <div class=\"input-wrapper\">\n              <label class=\"form-control-label\" for=\"contact-form-message\">Ihre Nachricht<\/label>\n              <textarea id=\"contact-form-message\" name=\"message\" class=\"form-control\" title=\"\" placeholder=\"Nachricht\" required><\/textarea>\n              <div class=\"form-control-error\" data-rel=\"message\">Bitte geben Sie Ihre Nachricht ein.<\/div>\n            <\/div>\n          <\/div>\n        <\/div>\n              <\/div>\n    <\/fieldset>\n    <div class=\"buttons-container\">\n      <div class=\"two-side-wrapper\">\n        <div class=\"left-side\">\n          <div class=\"form-control-group checkbox\">\n            <div class=\"input-checkbox-wrapper\">\n              <input type=\"checkbox\" id=\"contact-form-terms\" name=\"terms\" value=\"1\" title=\"\" required>\n              <label for=\"contact-form-terms\">Ich stimme der <a href=\"https:\/\/www.its-industry.sk\/privacy-policy\/\" title=\"\">Verarbeitung meiner pers\u00f6nlichen Daten<\/a> zu<\/label>\n            <\/div>\n            <div class=\"form-control-error\" data-rel=\"terms\">Bitte stimmen Sie der Verarbeitung personenbezogener Daten zu.<\/div>\n          <\/div>\n        <\/div>\n        <div class=\"right-side\">\n          <button type=\"submit\" name=\"submit\" class=\"button\">NACHRICHT SENDEN<span class=\"icon-arrow-right-3\"><\/span><\/button>\n        <\/div>\n      <\/div>\n    <\/div>\n  <\/div>\n  <input type=\"hidden\" name=\"view\" value=\"ajax\">\n  <input type=\"hidden\" name=\"action-name\" value=\"send\">\n    <input type=\"hidden\" name=\"page\" value=\"https:\/\/www.its-industry.sk\/de\/wp-json\/wp\/v2\/pages\/484\">\n  <input type=\"hidden\" name=\"lang\" value=\"de\">\n  <input type=\"hidden\" name=\"redirect\" value=\"\/de\/thank-you\">\n  <input type=\"hidden\" name=\"recaptcha_response\" class=\"g-recaptcha\" data-key=\"6LeI07IrAAAAAKFU4p52j30nEJB_DvIU9ePo7nbU\">\n  <div class=\"overlay\">\n    <div class=\"content\">\n      <p> Das Formular wird gesendet ...<\/p>\n      <img decoding=\"async\" src=\"https:\/\/www.its-industry.sk\/wp-content\/themes\/its\/assets\/img\/loader-dark.svg\" alt=\"\" class=\"loader\">\n    <\/div>\n  <\/div>\n<\/form>          <\/div>\n        <\/div>\n      <\/div>\n    <\/article>\n  <\/div>\n<\/section><\/div><\/div><\/div><\/div><\/div><div id=\"pg-gb484-69e266b2cb44e-2\"  class=\"panel-grid panel-has-style\" ><div class=\"contacts panel-row-style panel-row-style-for-gb484-69e266b2cb44e-2\" ><div id=\"pgc-gb484-69e266b2cb44e-2-0\"  class=\"panel-grid-cell\" ><div id=\"panel-gb484-69e266b2cb44e-2-0-0\" class=\"so-panel widget widget_sow-editor panel-first-child panel-last-child\" data-index=\"2\" ><div\n\t\t\t\n\t\t\tclass=\"so-widget-sow-editor so-widget-sow-editor-base\"\n\t\t\t\n\t\t>\n<div class=\"siteorigin-widget-tinymce textwidget\">\n\t<p class=\"contact-info\">Kontaktinformationen<\/p>\n<h3>\n<a href=\"tel:%20+49%20172%20758%201004\">+49 172 758 1004<\/a><br \/>\n<a href=\"tel:+421%20903%20293%20805\">+421 903 293 805<\/a><br \/>\n<a href=\"mailto:%20info@its-industry.sk\">info@its-industry.sk<\/a><\/h3>\n<\/div>\n<\/div><\/div><\/div><div id=\"pgc-gb484-69e266b2cb44e-2-1\"  class=\"panel-grid-cell\" ><div id=\"panel-gb484-69e266b2cb44e-2-1-0\" class=\"so-panel widget widget_sow-editor panel-first-child panel-last-child\" data-index=\"3\" ><div\n\t\t\t\n\t\t\tclass=\"so-widget-sow-editor so-widget-sow-editor-base\"\n\t\t\t\n\t\t>\n<div class=\"siteorigin-widget-tinymce textwidget\">\n\t<p class=\"contact-info\">Unternehmen<\/p>\n<p>ITS Industry, s. r. o.<br \/>\nLombardiniho 10735\/22B, 831 03 Bratislava<br \/>\nSlowakische Republik <\/p>\n<p>I\u010cO: 51489848<br \/>\nDI\u010c: 2120740655<br \/>\nI\u010c DPH: SK2120740655<\/p>\n<\/div>\n<\/div><\/div><\/div><div id=\"pgc-gb484-69e266b2cb44e-2-2\"  class=\"panel-grid-cell\" ><div id=\"panel-gb484-69e266b2cb44e-2-2-0\" class=\"so-panel widget widget_sow-image panel-first-child panel-last-child\" data-index=\"4\" ><div\n\t\t\t\n\t\t\tclass=\"so-widget-sow-image so-widget-sow-image-default-8b5b6f678277-484\"\n\t\t\t\n\t\t>\n<div class=\"sow-image-container\">\n\t\t<img \n\tsrc=\"https:\/\/www.its-industry.sk\/wp-content\/uploads\/2025\/08\/map.png\" width=\"1105\" height=\"714\" srcset=\"https:\/\/www.its-industry.sk\/wp-content\/uploads\/2025\/08\/map.png 1105w, https:\/\/www.its-industry.sk\/wp-content\/uploads\/2025\/08\/map-300x194.png 300w, https:\/\/www.its-industry.sk\/wp-content\/uploads\/2025\/08\/map-1024x662.png 1024w, https:\/\/www.its-industry.sk\/wp-content\/uploads\/2025\/08\/map-768x496.png 768w, https:\/\/www.its-industry.sk\/wp-content\/uploads\/2025\/08\/map-480x310.png 480w, https:\/\/www.its-industry.sk\/wp-content\/uploads\/2025\/08\/map-992x641.png 992w\" sizes=\"(max-width: 1105px) 100vw, 1105px\" alt=\"\" \t\tclass=\"so-widget-image\"\/>\n\t<\/div>\n\n<\/div><\/div><\/div><\/div><\/div><div id=\"pg-gb484-69e266b2cb44e-3\"  class=\"panel-grid panel-no-style\" ><div id=\"pgc-gb484-69e266b2cb44e-3-0\"  class=\"panel-grid-cell\" ><div id=\"panel-gb484-69e266b2cb44e-3-0-0\" class=\"so-panel widget widget_sow-editor panel-first-child panel-last-child\" data-index=\"5\" ><div\n\t\t\t\n\t\t\tclass=\"so-widget-sow-editor so-widget-sow-editor-base\"\n\t\t\t\n\t\t>\n<div class=\"siteorigin-widget-tinymce textwidget\">\n\t<hr>\n<\/div>\n<\/div><\/div><\/div><\/div><div id=\"pg-gb484-69e266b2cb44e-4\"  class=\"panel-grid panel-no-style\" ><div id=\"pgc-gb484-69e266b2cb44e-4-0\"  class=\"panel-grid-cell\" ><div id=\"panel-gb484-69e266b2cb44e-4-0-0\" class=\"so-panel widget widget_sow-editor panel-first-child panel-last-child\" data-index=\"6\" ><div\n\t\t\t\n\t\t\tclass=\"so-widget-sow-editor so-widget-sow-editor-base\"\n\t\t\t\n\t\t>\n<div class=\"siteorigin-widget-tinymce textwidget\">\n\t<h1>Wer sind wir?<\/h1>\n<\/div>\n<\/div><\/div><\/div><div id=\"pgc-gb484-69e266b2cb44e-4-1\"  class=\"panel-grid-cell\" ><div id=\"panel-gb484-69e266b2cb44e-4-1-0\" class=\"so-panel widget widget_sow-image panel-first-child\" data-index=\"7\" ><div\n\t\t\t\n\t\t\tclass=\"so-widget-sow-image so-widget-sow-image-default-8b5b6f678277-484\"\n\t\t\t\n\t\t>\n<div class=\"sow-image-container\">\n\t\t<img \n\tsrc=\"https:\/\/www.its-industry.sk\/wp-content\/uploads\/2025\/12\/Peter-Vlcak.png\" width=\"600\" height=\"600\" srcset=\"https:\/\/www.its-industry.sk\/wp-content\/uploads\/2025\/12\/Peter-Vlcak.png 600w, https:\/\/www.its-industry.sk\/wp-content\/uploads\/2025\/12\/Peter-Vlcak-300x300.png 300w, https:\/\/www.its-industry.sk\/wp-content\/uploads\/2025\/12\/Peter-Vlcak-150x150.png 150w, https:\/\/www.its-industry.sk\/wp-content\/uploads\/2025\/12\/Peter-Vlcak-480x480.png 480w\" sizes=\"(max-width: 600px) 100vw, 600px\" title=\"Peter Vl\u010d\u00e1k\" alt=\"\" \t\tclass=\"so-widget-image\"\/>\n\t<\/div>\n\n<\/div><\/div><div id=\"panel-gb484-69e266b2cb44e-4-1-1\" class=\"so-panel widget widget_sow-editor panel-last-child\" data-index=\"8\" ><div\n\t\t\t\n\t\t\tclass=\"so-widget-sow-editor so-widget-sow-editor-base\"\n\t\t\t\n\t\t>\n<div class=\"siteorigin-widget-tinymce textwidget\">\n\t<h4>Peter Vl\u010d\u00e1k<\/h4>\n<p style=\"margin-top: 8px;\">Gesch\u00e4ftsf\u00fchrer<\/p>\n<p><strong><a href=\"tel:%20+49%20172%20758%201004\">+49 172 758 1004<\/a><br \/>\n<a href=\"mailto:%20peter.vlcak@its-industry.sk\">peter.vlcak@its-industry.sk<\/a><\/strong><\/p>\n<p>Deutsch \/ Polnisch<\/p>\n<hr>\n<\/div>\n<\/div><\/div><\/div><div id=\"pgc-gb484-69e266b2cb44e-4-2\"  class=\"panel-grid-cell\" ><div id=\"panel-gb484-69e266b2cb44e-4-2-0\" class=\"so-panel widget widget_sow-image panel-first-child\" data-index=\"9\" ><div\n\t\t\t\n\t\t\tclass=\"so-widget-sow-image so-widget-sow-image-default-8b5b6f678277-484\"\n\t\t\t\n\t\t>\n<div class=\"sow-image-container\">\n\t\t<img \n\tsrc=\"https:\/\/www.its-industry.sk\/wp-content\/uploads\/2025\/12\/Patrik-Vlcak.png\" width=\"600\" height=\"600\" srcset=\"https:\/\/www.its-industry.sk\/wp-content\/uploads\/2025\/12\/Patrik-Vlcak.png 600w, https:\/\/www.its-industry.sk\/wp-content\/uploads\/2025\/12\/Patrik-Vlcak-300x300.png 300w, https:\/\/www.its-industry.sk\/wp-content\/uploads\/2025\/12\/Patrik-Vlcak-150x150.png 150w, https:\/\/www.its-industry.sk\/wp-content\/uploads\/2025\/12\/Patrik-Vlcak-480x480.png 480w\" sizes=\"(max-width: 600px) 100vw, 600px\" title=\"Patrik Vl\u010d\u00e1k\" alt=\"\" \t\tclass=\"so-widget-image\"\/>\n\t<\/div>\n\n<\/div><\/div><div id=\"panel-gb484-69e266b2cb44e-4-2-1\" class=\"so-panel widget widget_sow-editor panel-last-child\" data-index=\"10\" ><div\n\t\t\t\n\t\t\tclass=\"so-widget-sow-editor so-widget-sow-editor-base\"\n\t\t\t\n\t\t>\n<div class=\"siteorigin-widget-tinymce textwidget\">\n\t<h4>Patrik Vl\u010d\u00e1k<\/h4>\n<p style=\"margin-top: 8px;\">Gesch\u00e4ftsf\u00fchrer<\/p>\n<p><strong><a href=\"tel:%20+421%20915%20712%20234\">+421 915 712 234<\/a><br \/>\n<a href=\"mailto:%20patrik.vlcak@its-industry.sk\">patrik.vlcak@its-industry.sk<\/a><\/strong><\/p>\n<p>Englisch \/ Polnisch<\/p>\n<hr \/>\n<\/div>\n<\/div><\/div><\/div><\/div><\/div>","protected":false},"excerpt":{"rendered":"","protected":false},"author":1,"featured_media":0,"parent":0,"menu_order":0,"comment_status":"closed","ping_status":"closed","template":"","meta":{"_acf_changed":false,"footnotes":""},"class_list":["post-484","page","type-page","status-publish","hentry"],"acf":[],"yoast_head":"<!-- This site is optimized with the Yoast SEO plugin v25.7 - https:\/\/yoast.com\/wordpress\/plugins\/seo\/ -->\n<title>Kontakt - ITS Industry<\/title>\n<meta name=\"robots\" content=\"index, follow, max-snippet:-1, max-image-preview:large, max-video-preview:-1\" \/>\n<link rel=\"canonical\" href=\"https:\/\/www.its-industry.sk\/de\/kontakt\/\" \/>\n<meta property=\"og:locale\" content=\"de_DE\" \/>\n<meta property=\"og:type\" content=\"article\" \/>\n<meta property=\"og:title\" content=\"Kontakt - ITS Industry\" \/>\n<meta property=\"og:url\" content=\"https:\/\/www.its-industry.sk\/de\/kontakt\/\" \/>\n<meta property=\"og:site_name\" content=\"ITS Industry\" \/>\n<meta property=\"article:modified_time\" content=\"2025-12-11T12:26:21+00:00\" \/>\n<meta name=\"twitter:card\" content=\"summary_large_image\" \/>\n<meta name=\"twitter:label1\" content=\"Gesch\u00e4tzte Lesezeit\" \/>\n\t<meta name=\"twitter:data1\" content=\"1\u00a0Minute\" \/>\n<script type=\"application\/ld+json\" class=\"yoast-schema-graph\">{\"@context\":\"https:\/\/schema.org\",\"@graph\":[{\"@type\":\"WebPage\",\"@id\":\"https:\/\/www.its-industry.sk\/de\/kontakt\/\",\"url\":\"https:\/\/www.its-industry.sk\/de\/kontakt\/\",\"name\":\"Kontakt - ITS Industry\",\"isPartOf\":{\"@id\":\"https:\/\/www.its-industry.sk\/#website\"},\"datePublished\":\"2025-08-04T07:28:17+00:00\",\"dateModified\":\"2025-12-11T12:26:21+00:00\",\"breadcrumb\":{\"@id\":\"https:\/\/www.its-industry.sk\/de\/kontakt\/#breadcrumb\"},\"inLanguage\":\"de\",\"potentialAction\":[{\"@type\":\"ReadAction\",\"target\":[\"https:\/\/www.its-industry.sk\/de\/kontakt\/\"]}]},{\"@type\":\"BreadcrumbList\",\"@id\":\"https:\/\/www.its-industry.sk\/de\/kontakt\/#breadcrumb\",\"itemListElement\":[{\"@type\":\"ListItem\",\"position\":1,\"name\":\"Home\",\"item\":\"https:\/\/www.its-industry.sk\/de\/\"},{\"@type\":\"ListItem\",\"position\":2,\"name\":\"Kontakt\"}]},{\"@type\":\"WebSite\",\"@id\":\"https:\/\/www.its-industry.sk\/#website\",\"url\":\"https:\/\/www.its-industry.sk\/\",\"name\":\"ITS Industry\",\"description\":\"\",\"potentialAction\":[{\"@type\":\"SearchAction\",\"target\":{\"@type\":\"EntryPoint\",\"urlTemplate\":\"https:\/\/www.its-industry.sk\/?s={search_term_string}\"},\"query-input\":{\"@type\":\"PropertyValueSpecification\",\"valueRequired\":true,\"valueName\":\"search_term_string\"}}],\"inLanguage\":\"de\"}]}<\/script>\n<!-- \/ Yoast SEO plugin. -->","yoast_head_json":{"title":"Kontakt - ITS Industry","robots":{"index":"index","follow":"follow","max-snippet":"max-snippet:-1","max-image-preview":"max-image-preview:large","max-video-preview":"max-video-preview:-1"},"canonical":"https:\/\/www.its-industry.sk\/de\/kontakt\/","og_locale":"de_DE","og_type":"article","og_title":"Kontakt - ITS Industry","og_url":"https:\/\/www.its-industry.sk\/de\/kontakt\/","og_site_name":"ITS Industry","article_modified_time":"2025-12-11T12:26:21+00:00","twitter_card":"summary_large_image","twitter_misc":{"Gesch\u00e4tzte Lesezeit":"1\u00a0Minute"},"schema":{"@context":"https:\/\/schema.org","@graph":[{"@type":"WebPage","@id":"https:\/\/www.its-industry.sk\/de\/kontakt\/","url":"https:\/\/www.its-industry.sk\/de\/kontakt\/","name":"Kontakt - ITS Industry","isPartOf":{"@id":"https:\/\/www.its-industry.sk\/#website"},"datePublished":"2025-08-04T07:28:17+00:00","dateModified":"2025-12-11T12:26:21+00:00","breadcrumb":{"@id":"https:\/\/www.its-industry.sk\/de\/kontakt\/#breadcrumb"},"inLanguage":"de","potentialAction":[{"@type":"ReadAction","target":["https:\/\/www.its-industry.sk\/de\/kontakt\/"]}]},{"@type":"BreadcrumbList","@id":"https:\/\/www.its-industry.sk\/de\/kontakt\/#breadcrumb","itemListElement":[{"@type":"ListItem","position":1,"name":"Home","item":"https:\/\/www.its-industry.sk\/de\/"},{"@type":"ListItem","position":2,"name":"Kontakt"}]},{"@type":"WebSite","@id":"https:\/\/www.its-industry.sk\/#website","url":"https:\/\/www.its-industry.sk\/","name":"ITS Industry","description":"","potentialAction":[{"@type":"SearchAction","target":{"@type":"EntryPoint","urlTemplate":"https:\/\/www.its-industry.sk\/?s={search_term_string}"},"query-input":{"@type":"PropertyValueSpecification","valueRequired":true,"valueName":"search_term_string"}}],"inLanguage":"de"}]}},"_links":{"self":[{"href":"https:\/\/www.its-industry.sk\/de\/wp-json\/wp\/v2\/pages\/484","targetHints":{"allow":["GET"]}}],"collection":[{"href":"https:\/\/www.its-industry.sk\/de\/wp-json\/wp\/v2\/pages"}],"about":[{"href":"https:\/\/www.its-industry.sk\/de\/wp-json\/wp\/v2\/types\/page"}],"author":[{"embeddable":true,"href":"https:\/\/www.its-industry.sk\/de\/wp-json\/wp\/v2\/users\/1"}],"replies":[{"embeddable":true,"href":"https:\/\/www.its-industry.sk\/de\/wp-json\/wp\/v2\/comments?post=484"}],"version-history":[{"count":2,"href":"https:\/\/www.its-industry.sk\/de\/wp-json\/wp\/v2\/pages\/484\/revisions"}],"predecessor-version":[{"id":633,"href":"https:\/\/www.its-industry.sk\/de\/wp-json\/wp\/v2\/pages\/484\/revisions\/633"}],"wp:attachment":[{"href":"https:\/\/www.its-industry.sk\/de\/wp-json\/wp\/v2\/media?parent=484"}],"curies":[{"name":"wp","href":"https:\/\/api.w.org\/{rel}","templated":true}]}}