{"id":487,"date":"2025-08-12T12:20:48","date_gmt":"2025-08-12T12:20:48","guid":{"rendered":"https:\/\/www.its-industry.sk\/start-up-management\/"},"modified":"2025-08-14T07:43:38","modified_gmt":"2025-08-14T07:43:38","slug":"start-up-management","status":"publish","type":"page","link":"https:\/\/www.its-industry.sk\/de\/start-up-management\/","title":{"rendered":"Start-up-Management"},"content":{"rendered":"<div id=\"pl-487\"  class=\"panel-layout\" ><div id=\"pg-487-0\"  class=\"panel-grid panel-has-style\" ><div class=\"siteorigin-panels-stretch panel-row-style panel-row-style-for-487-0\" data-stretch-type=\"full\" ><div id=\"pgc-487-0-0\"  class=\"panel-grid-cell\" ><div id=\"panel-487-0-0-0\" class=\"so-panel widget widget_siteorigin-panels-builder panel-first-child panel-last-child\" data-index=\"0\" ><div class=\"panel-widget-style panel-widget-style-for-487-0-0-0\" ><div id=\"pl-w689d93aab40c8\"  class=\"panel-layout\" ><div id=\"pg-w689d93aab40c8-0\"  class=\"panel-grid panel-has-style\" ><div class=\"hr-page-wht panel-row-style panel-row-style-for-w689d93aab40c8-0\" ><div id=\"pgc-w689d93aab40c8-0-0\"  class=\"panel-grid-cell\" ><div id=\"panel-w689d93aab40c8-0-0-0\" class=\"so-panel widget widget_sow-editor panel-first-child panel-last-child\" data-index=\"0\" ><div\n\t\t\t\n\t\t\tclass=\"so-widget-sow-editor so-widget-sow-editor-base\"\n\t\t\t\n\t\t>\n<div class=\"siteorigin-widget-tinymce textwidget\">\n\t<h1>Komplette Steuerung der Inbetriebnahme neuer Produktionslinien <\/h1>\n<\/div>\n<\/div><\/div><\/div><div id=\"pgc-w689d93aab40c8-0-1\"  class=\"panel-grid-cell\" ><div id=\"panel-w689d93aab40c8-0-1-0\" class=\"so-panel widget widget_sow-editor panel-first-child panel-last-child\" data-index=\"1\" ><div class=\"panel-widget-style panel-widget-style-for-w689d93aab40c8-0-1-0\" ><div\n\t\t\t\n\t\t\tclass=\"so-widget-sow-editor so-widget-sow-editor-base\"\n\t\t\t\n\t\t>\n<div class=\"siteorigin-widget-tinymce textwidget\">\n\t<p>Von der Inbetriebnahme und dem Testen \u00fcber die Schulung des Bedienpersonals bis hin zur Leistungsoptimierung sorgen wir daf\u00fcr, dass die Systeme vom ersten Tag an voll funktionsf\u00e4hig sind.<\/p>\n<p><a href=\"https:\/\/www.its-industry.sk\/de\/kontakt\/\" title=\"\" class=\"button\">KONTAKTIEREN SIE UNS<span class=\"icon-arrow-right-3\"><\/span><\/a><\/p>\n<\/div>\n<\/div><\/div><\/div><\/div><\/div><\/div><div id=\"pg-w689d93aab40c8-1\"  class=\"panel-grid panel-has-style\" ><div class=\"panel-row-style panel-row-style-for-w689d93aab40c8-1\" ><div id=\"pgc-w689d93aab40c8-1-0\"  class=\"panel-grid-cell\" ><div id=\"panel-w689d93aab40c8-1-0-0\" class=\"so-panel widget widget_sow-editor panel-first-child panel-last-child\" data-index=\"2\" ><div class=\"panel-widget-style panel-widget-style-for-w689d93aab40c8-1-0-0\" ><div\n\t\t\t\n\t\t\tclass=\"so-widget-sow-editor so-widget-sow-editor-base\"\n\t\t\t\n\t\t>\n<div class=\"siteorigin-widget-tinymce textwidget\">\n\t<h1 style=\"font-size: 6rem;\">Warum ITS<\/h1>\n<\/div>\n<\/div><\/div><\/div><\/div><\/div><\/div><div id=\"pg-w689d93aab40c8-2\"  class=\"panel-grid panel-has-style\" ><div class=\"hr-page-wht panel-row-style panel-row-style-for-w689d93aab40c8-2\" ><div id=\"pgc-w689d93aab40c8-2-0\"  class=\"panel-grid-cell\" ><div id=\"panel-w689d93aab40c8-2-0-0\" class=\"so-panel widget widget_sow-editor panel-first-child panel-last-child\" data-index=\"3\" ><div\n\t\t\t\n\t\t\tclass=\"so-widget-sow-editor so-widget-sow-editor-base\"\n\t\t\t\n\t\t>\n<div class=\"siteorigin-widget-tinymce textwidget\">\n\t<h4>01<\/h4>\n<\/div>\n<\/div><\/div><\/div><div id=\"pgc-w689d93aab40c8-2-1\"  class=\"panel-grid-cell\" ><div id=\"panel-w689d93aab40c8-2-1-0\" class=\"so-panel widget widget_sow-editor panel-first-child panel-last-child\" data-index=\"4\" ><div\n\t\t\t\n\t\t\tclass=\"so-widget-sow-editor so-widget-sow-editor-base\"\n\t\t\t\n\t\t>\n<div class=\"siteorigin-widget-tinymce textwidget\">\n\t<h2>Erfahrenes Expertenteam<\/h2>\n<\/div>\n<\/div><\/div><\/div><div id=\"pgc-w689d93aab40c8-2-2\"  class=\"panel-grid-cell\" ><div id=\"panel-w689d93aab40c8-2-2-0\" class=\"so-panel widget widget_sow-editor panel-first-child panel-last-child\" data-index=\"5\" ><div\n\t\t\t\n\t\t\tclass=\"so-widget-sow-editor so-widget-sow-editor-base\"\n\t\t\t\n\t\t>\n<div class=\"siteorigin-widget-tinymce textwidget\">\n\t<p>Ein erfahrenes Team von Fachleuten mit Expertise im Management komplexer Bauprojekte.<\/p>\n<\/div>\n<\/div><\/div><\/div><\/div><\/div><div id=\"pg-w689d93aab40c8-3\"  class=\"panel-grid panel-has-style\" ><div class=\"hr-page-wht panel-row-style panel-row-style-for-w689d93aab40c8-3\" ><div id=\"pgc-w689d93aab40c8-3-0\"  class=\"panel-grid-cell\" ><div id=\"panel-w689d93aab40c8-3-0-0\" class=\"so-panel widget widget_sow-editor panel-first-child panel-last-child\" data-index=\"6\" ><div\n\t\t\t\n\t\t\tclass=\"so-widget-sow-editor so-widget-sow-editor-base\"\n\t\t\t\n\t\t>\n<div class=\"siteorigin-widget-tinymce textwidget\">\n\t<h4>02<\/h4>\n<\/div>\n<\/div><\/div><\/div><div id=\"pgc-w689d93aab40c8-3-1\"  class=\"panel-grid-cell\" ><div id=\"panel-w689d93aab40c8-3-1-0\" class=\"so-panel widget widget_sow-editor panel-first-child panel-last-child\" data-index=\"7\" ><div\n\t\t\t\n\t\t\tclass=\"so-widget-sow-editor so-widget-sow-editor-base\"\n\t\t\t\n\t\t>\n<div class=\"siteorigin-widget-tinymce textwidget\">\n\t<h2>Flexibilit\u00e4t und lokale Verf\u00fcgbarkeit<\/h2>\n<\/div>\n<\/div><\/div><\/div><div id=\"pgc-w689d93aab40c8-3-2\"  class=\"panel-grid-cell\" ><div id=\"panel-w689d93aab40c8-3-2-0\" class=\"so-panel widget widget_sow-editor panel-first-child panel-last-child\" data-index=\"8\" ><div\n\t\t\t\n\t\t\tclass=\"so-widget-sow-editor so-widget-sow-editor-base\"\n\t\t\t\n\t\t>\n<div class=\"siteorigin-widget-tinymce textwidget\">\n\t<p>Flexibilit\u00e4t und lokale Verf\u00fcgbarkeit dank unseres Partnernetzwerks und unserer mobilen Teams.<\/p>\n<\/div>\n<\/div><\/div><\/div><\/div><\/div><div id=\"pg-w689d93aab40c8-4\"  class=\"panel-grid panel-has-style\" ><div class=\"hr-page-wht panel-row-style panel-row-style-for-w689d93aab40c8-4\" ><div id=\"pgc-w689d93aab40c8-4-0\"  class=\"panel-grid-cell\" ><div id=\"panel-w689d93aab40c8-4-0-0\" class=\"so-panel widget widget_sow-editor panel-first-child panel-last-child\" data-index=\"9\" ><div\n\t\t\t\n\t\t\tclass=\"so-widget-sow-editor so-widget-sow-editor-base\"\n\t\t\t\n\t\t>\n<div class=\"siteorigin-widget-tinymce textwidget\">\n\t<h4>03<\/h4>\n<\/div>\n<\/div><\/div><\/div><div id=\"pgc-w689d93aab40c8-4-1\"  class=\"panel-grid-cell\" ><div id=\"panel-w689d93aab40c8-4-1-0\" class=\"so-panel widget widget_sow-editor panel-first-child panel-last-child\" data-index=\"10\" ><div\n\t\t\t\n\t\t\tclass=\"so-widget-sow-editor so-widget-sow-editor-base\"\n\t\t\t\n\t\t>\n<div class=\"siteorigin-widget-tinymce textwidget\">\n\t<h2>Fokus auf das Ergebnis<\/h2>\n<\/div>\n<\/div><\/div><\/div><div id=\"pgc-w689d93aab40c8-4-2\"  class=\"panel-grid-cell\" ><div id=\"panel-w689d93aab40c8-4-2-0\" class=\"so-panel widget widget_sow-editor panel-first-child panel-last-child\" data-index=\"11\" ><div\n\t\t\t\n\t\t\tclass=\"so-widget-sow-editor so-widget-sow-editor-base\"\n\t\t\t\n\t\t>\n<div class=\"siteorigin-widget-tinymce textwidget\">\n\t<p>Ergebnisorientierter Ansatz \u2013 wir sehen jedes Projekt als eine Herausforderung, die wir unbedingt zu einem erfolgreichen Abschluss bringen wollen.<\/p>\n<\/div>\n<\/div><\/div><\/div><\/div><\/div><div id=\"pg-w689d93aab40c8-5\"  class=\"panel-grid panel-has-style\" ><div class=\"hr-page-wht panel-row-style panel-row-style-for-w689d93aab40c8-5\" ><div id=\"pgc-w689d93aab40c8-5-0\"  class=\"panel-grid-cell\" ><div id=\"panel-w689d93aab40c8-5-0-0\" class=\"so-panel widget widget_sow-editor panel-first-child panel-last-child\" data-index=\"12\" ><div\n\t\t\t\n\t\t\tclass=\"so-widget-sow-editor so-widget-sow-editor-base\"\n\t\t\t\n\t\t>\n<div class=\"siteorigin-widget-tinymce textwidget\">\n\t<h4>04<\/h4>\n<\/div>\n<\/div><\/div><\/div><div id=\"pgc-w689d93aab40c8-5-1\"  class=\"panel-grid-cell\" ><div id=\"panel-w689d93aab40c8-5-1-0\" class=\"so-panel widget widget_sow-editor panel-first-child panel-last-child\" data-index=\"13\" ><div\n\t\t\t\n\t\t\tclass=\"so-widget-sow-editor so-widget-sow-editor-base\"\n\t\t\t\n\t\t>\n<div class=\"siteorigin-widget-tinymce textwidget\">\n\t<h2>Moderne Technologie<\/h2>\n<\/div>\n<\/div><\/div><\/div><div id=\"pgc-w689d93aab40c8-5-2\"  class=\"panel-grid-cell\" ><div id=\"panel-w689d93aab40c8-5-2-0\" class=\"so-panel widget widget_sow-editor panel-first-child panel-last-child\" data-index=\"14\" ><div\n\t\t\t\n\t\t\tclass=\"so-widget-sow-editor so-widget-sow-editor-base\"\n\t\t\t\n\t\t>\n<div class=\"siteorigin-widget-tinymce textwidget\">\n\t<p>Moderne Technologien und transparente Kommunikation w\u00e4hrend des gesamten Prozesses.<\/p>\n<\/div>\n<\/div><\/div><\/div><\/div><\/div><\/div><\/div><\/div><\/div><\/div><\/div><div id=\"pg-487-1\"  class=\"panel-grid panel-has-style\" ><div class=\"siteorigin-panels-stretch panel-row-style panel-row-style-for-487-1\" data-stretch-type=\"full\" ><div id=\"pgc-487-1-0\"  class=\"panel-grid-cell panel-grid-cell-empty\" ><\/div><div id=\"pgc-487-1-1\"  class=\"panel-grid-cell\" ><div id=\"panel-487-1-1-0\" class=\"so-panel widget widget_siteorigin-panels-builder panel-first-child panel-last-child\" data-index=\"1\" ><div class=\"panel-widget-style panel-widget-style-for-487-1-1-0\" ><div id=\"pl-w689c6c6e9cacc\"  class=\"panel-layout\" ><div id=\"pg-w689c6c6e9cacc-0\"  class=\"panel-grid panel-no-style\" ><div id=\"pgc-w689c6c6e9cacc-0-0\"  class=\"panel-grid-cell\" ><div id=\"panel-w689c6c6e9cacc-0-0-0\" class=\"so-panel widget widget_sow-image panel-first-child\" data-index=\"0\" ><div class=\"panel-widget-style panel-widget-style-for-w689c6c6e9cacc-0-0-0\" ><div\n\t\t\t\n\t\t\tclass=\"so-widget-sow-image so-widget-sow-image-default-8b5b6f678277\"\n\t\t\t\n\t\t>\n<div class=\"sow-image-container\">\n\t\t<img \n\tsrc=\"https:\/\/www.its-industry.sk\/wp-content\/uploads\/2025\/08\/Group-700.svg\" title=\"Group 700\" alt=\"\" \t\tclass=\"so-widget-image\"\/>\n\t<\/div>\n\n<\/div><\/div><\/div><div id=\"panel-w689c6c6e9cacc-0-0-1\" class=\"so-panel widget widget_sow-editor panel-last-child\" data-index=\"1\" ><div class=\"panel-widget-style panel-widget-style-for-w689c6c6e9cacc-0-0-1\" ><div\n\t\t\t\n\t\t\tclass=\"so-widget-sow-editor so-widget-sow-editor-base\"\n\t\t\t\n\t\t>\n<div class=\"siteorigin-widget-tinymce textwidget\">\n\t<h3>Stressfreies Bauen<\/h3>\n<p>Mit ITS k\u00f6nnen Sie sicher sein, dass Ihr Projekt professionell, effizient und mit Liebe zum Detail gemanagt wird. Wir sind Ihr zuverl\u00e4ssiger Partner - vom ersten Aushub bis zur Schl\u00fcssel\u00fcbergabe.<\/p>\n<p><a href=\"https:\/\/www.its-industry.sk\/de\/kontakt\/\" title=\"\" class=\"button\">KONTAKTIEREN SIE UNS<span class=\"icon-arrow-right-3\"><\/span><\/a><\/p>\n<\/div>\n<\/div><\/div><\/div><\/div><\/div><\/div><\/div><\/div><\/div><\/div><\/div><div id=\"pg-487-2\"  class=\"panel-grid panel-no-style\" ><div id=\"pgc-487-2-0\"  class=\"panel-grid-cell\" ><div id=\"panel-487-2-0-0\" class=\"so-panel widget widget_sow-editor panel-first-child panel-last-child\" data-index=\"2\" ><div\n\t\t\t\n\t\t\tclass=\"so-widget-sow-editor so-widget-sow-editor-base\"\n\t\t\t\n\t\t>\n<div class=\"siteorigin-widget-tinymce textwidget\">\n\t  <section class=\"content-section panel-industries\" style=\"--items-count: 3;\">\n    <div class=\"container\">\n      <header class=\"content-section-header\">\n        <div class=\"two-side-wrapper\">\n          <div class=\"left-side\">\n            <div class=\"content-section-pre-title\">Wo wir t\u00e4tig sind<\/div>\n            <h2 class=\"content-section-title big\">Branchen<\/h2>\n          <\/div>\n        <\/div>\n      <\/header>\n      <article>\n        <div class=\"industry-list-component\">\n          <div class=\"list\">\n                          <div class=\"item\">\n                <div class=\"industry-list-item-container\">\n                  <div class=\"inner\">\n                    <div class=\"three-side-wrapper\">\n                      <div class=\"left-side\">\n                        <div class=\"title\"><span class=\"number\">01<\/span>Bau<\/div>\n                      <\/div>\n                      <div class=\"middle-side\">\n                        <div class=\"body\">\n                          <h3>Wir liefern ma\u00dfgeschneiderte Konstruktionsl\u00f6sungen in hoher Qualit\u00e4t.<\/h3>\n<p>Vom ersten Konzept bis zur endg\u00fcltigen Fertigstellung ist unser erfahrenes Team bestrebt, jedes Projekt mit Exzellenz, Effizienz und Liebe zum Detail auszuf\u00fchren.<\/p>\n                                                      <div class=\"buttons-container\">\n                              <a href=\"https:\/\/www.its-industry.sk\/de\/kontakt\/\" title=\"KONTAKTIEREN SIE UNS\" class=\"button\">KONTAKTIEREN SIE UNS<span class=\"icon-arrow-right-3\"><\/span><\/a>\n                            <\/div>\n                                                  <\/div>\n                      <\/div>\n                      <div class=\"right-side\">\n                        <div class=\"icon\"><img decoding=\"async\" src=\"https:\/\/www.its-industry.sk\/wp-content\/uploads\/2025\/08\/feature-1.svg\" class=\"attachment-full size-full\" alt=\"\" \/><\/div>\n                        <figure class=\"main\"><img decoding=\"async\" width=\"434\" height=\"312\" src=\"https:\/\/www.its-industry.sk\/wp-content\/uploads\/2025\/08\/1-1.webp\" class=\"attachment-full size-full\" alt=\"\" srcset=\"https:\/\/www.its-industry.sk\/wp-content\/uploads\/2025\/08\/1-1.webp 434w, https:\/\/www.its-industry.sk\/wp-content\/uploads\/2025\/08\/1-1-300x216.webp 300w\" sizes=\"(max-width: 434px) 100vw, 434px\" \/><\/figure>\n                      <\/div>\n                    <\/div>\n                  <\/div>\n                <\/div>\n              <\/div>\n                          <div class=\"item\">\n                <div class=\"industry-list-item-container\">\n                  <div class=\"inner\">\n                    <div class=\"three-side-wrapper\">\n                      <div class=\"left-side\">\n                        <div class=\"title\"><span class=\"number\">02<\/span>E-Commerce<\/div>\n                      <\/div>\n                      <div class=\"middle-side\">\n                        <div class=\"body\">\n                          <h3>Wir vereinen Technik, Design und Kundenfokus f\u00fcr ein schnelles, zuverl\u00e4ssiges Einkaufserlebnis.<\/h3>\n<p>Egal, ob Sie von zu Hause aus oder unterwegs surfen, unsere Plattform ist darauf ausgelegt, eine nahtlose Navigation, sichere Transaktionen und Echtzeit-Support bei jedem Schritt zu bieten.<\/p>\n                                                      <div class=\"buttons-container\">\n                              <a href=\"https:\/\/www.its-industry.sk\/de\/kontakt\/\" title=\"KONTAKTIEREN SIE UNS\" class=\"button\">KONTAKTIEREN SIE UNS<span class=\"icon-arrow-right-3\"><\/span><\/a>\n                            <\/div>\n                                                  <\/div>\n                      <\/div>\n                      <div class=\"right-side\">\n                        <div class=\"icon\"><img decoding=\"async\" src=\"https:\/\/www.its-industry.sk\/wp-content\/uploads\/2025\/08\/feature-2.svg\" class=\"attachment-full size-full\" alt=\"\" \/><\/div>\n                        <figure class=\"main\"><img decoding=\"async\" width=\"441\" height=\"268\" src=\"https:\/\/www.its-industry.sk\/wp-content\/uploads\/2025\/08\/2-1.webp\" class=\"attachment-full size-full\" alt=\"\" srcset=\"https:\/\/www.its-industry.sk\/wp-content\/uploads\/2025\/08\/2-1.webp 441w, https:\/\/www.its-industry.sk\/wp-content\/uploads\/2025\/08\/2-1-300x182.webp 300w\" sizes=\"(max-width: 441px) 100vw, 441px\" \/><\/figure>\n                      <\/div>\n                    <\/div>\n                  <\/div>\n                <\/div>\n              <\/div>\n                          <div class=\"item\">\n                <div class=\"industry-list-item-container\">\n                  <div class=\"inner\">\n                    <div class=\"three-side-wrapper\">\n                      <div class=\"left-side\">\n                        <div class=\"title\"><span class=\"number\">03<\/span>Maschinenbau<\/div>\n                      <\/div>\n                      <div class=\"middle-side\">\n                        <div class=\"body\">\n                          <h3>Wir sind spezialisiert auf den Maschinenbau, der den Fortschritt vorantreibt.<\/h3>\n<p>Von Industrieanlagen bis hin zu Fundamenten f\u00fcr schwere Ger\u00e4te kombiniert unser Team technisches Fachwissen mit praktischer Erfahrung, um robuste und zuverl\u00e4ssige L\u00f6sungen zu liefern. Jedes Projekt wird mit Pr\u00e4zision, Sicherheit und dem Engagement f\u00fcr langfristige Leistung angegangen.<\/p>\n                                                      <div class=\"buttons-container\">\n                              <a href=\"https:\/\/www.its-industry.sk\/de\/kontakt\/\" title=\"KONTAKTIEREN SIE UNS\" class=\"button\">KONTAKTIEREN SIE UNS<span class=\"icon-arrow-right-3\"><\/span><\/a>\n                            <\/div>\n                                                  <\/div>\n                      <\/div>\n                      <div class=\"right-side\">\n                        <div class=\"icon\"><img decoding=\"async\" src=\"https:\/\/www.its-industry.sk\/wp-content\/uploads\/2025\/08\/feature-3.svg\" class=\"attachment-full size-full\" alt=\"\" \/><\/div>\n                        <figure class=\"main\"><img decoding=\"async\" width=\"434\" height=\"312\" src=\"https:\/\/www.its-industry.sk\/wp-content\/uploads\/2025\/08\/1-1.webp\" class=\"attachment-full size-full\" alt=\"\" srcset=\"https:\/\/www.its-industry.sk\/wp-content\/uploads\/2025\/08\/1-1.webp 434w, https:\/\/www.its-industry.sk\/wp-content\/uploads\/2025\/08\/1-1-300x216.webp 300w\" sizes=\"(max-width: 434px) 100vw, 434px\" \/><\/figure>\n                      <\/div>\n                    <\/div>\n                  <\/div>\n                <\/div>\n              <\/div>\n                      <\/div>\n        <\/div>\n      <\/article>\n    <\/div>\n  <\/section>\n\n<\/div>\n<\/div><\/div><\/div><\/div><\/div>","protected":false},"excerpt":{"rendered":"<p>Komplette Steuerung der Inbetriebnahme neuer Produktionslinien Von der Inbetriebnahme und dem Testen \u00fcber die Schulung des Bedienpersonals bis hin zur Leistungsoptimierung sorgen wir daf\u00fcr, dass die Systeme vom ersten Tag an voll funktionsf\u00e4hig sind. KONTAKTIEREN SIE UNS Warum ITS 01 Erfahrenes Expertenteam Ein erfahrenes Team von Fachleuten mit Expertise im Management komplexer Bauprojekte. 02 Flexibilit\u00e4t [&hellip;]<\/p>\n","protected":false},"author":3,"featured_media":509,"parent":0,"menu_order":0,"comment_status":"closed","ping_status":"closed","template":"","meta":{"_acf_changed":false,"footnotes":""},"class_list":["post-487","page","type-page","status-publish","has-post-thumbnail","hentry"],"acf":[],"yoast_head":"<!-- This site is optimized with the Yoast SEO plugin v25.7 - https:\/\/yoast.com\/wordpress\/plugins\/seo\/ -->\n<title>Start-up-Management - ITS Industry<\/title>\n<meta name=\"robots\" content=\"index, follow, max-snippet:-1, max-image-preview:large, max-video-preview:-1\" \/>\n<link rel=\"canonical\" href=\"https:\/\/www.its-industry.sk\/de\/start-up-management\/\" \/>\n<meta property=\"og:locale\" content=\"de_DE\" \/>\n<meta property=\"og:type\" content=\"article\" \/>\n<meta property=\"og:title\" content=\"Start-up-Management - ITS Industry\" \/>\n<meta property=\"og:description\" content=\"Komplette Steuerung der Inbetriebnahme neuer Produktionslinien Von der Inbetriebnahme und dem Testen \u00fcber die Schulung des Bedienpersonals bis hin zur Leistungsoptimierung sorgen wir daf\u00fcr, dass die Systeme vom ersten Tag an voll funktionsf\u00e4hig sind. KONTAKTIEREN SIE UNS Warum ITS 01 Erfahrenes Expertenteam Ein erfahrenes Team von Fachleuten mit Expertise im Management komplexer Bauprojekte. 02 Flexibilit\u00e4t [&hellip;]\" \/>\n<meta property=\"og:url\" content=\"https:\/\/www.its-industry.sk\/de\/start-up-management\/\" \/>\n<meta property=\"og:site_name\" content=\"ITS Industry\" \/>\n<meta property=\"article:modified_time\" content=\"2025-08-14T07:43:38+00:00\" \/>\n<meta property=\"og:image\" content=\"https:\/\/www.its-industry.sk\/wp-content\/uploads\/2025\/08\/image.png\" \/>\n\t<meta property=\"og:image:width\" content=\"2500\" \/>\n\t<meta property=\"og:image:height\" content=\"1111\" \/>\n\t<meta property=\"og:image:type\" content=\"image\/png\" \/>\n<meta name=\"twitter:card\" content=\"summary_large_image\" \/>\n<meta name=\"twitter:label1\" content=\"Gesch\u00e4tzte Lesezeit\" \/>\n\t<meta name=\"twitter:data1\" content=\"1\u00a0Minute\" \/>\n<script type=\"application\/ld+json\" class=\"yoast-schema-graph\">{\"@context\":\"https:\/\/schema.org\",\"@graph\":[{\"@type\":\"WebPage\",\"@id\":\"https:\/\/www.its-industry.sk\/de\/start-up-management\/\",\"url\":\"https:\/\/www.its-industry.sk\/de\/start-up-management\/\",\"name\":\"Start-up-Management - ITS Industry\",\"isPartOf\":{\"@id\":\"https:\/\/www.its-industry.sk\/#website\"},\"primaryImageOfPage\":{\"@id\":\"https:\/\/www.its-industry.sk\/de\/start-up-management\/#primaryimage\"},\"image\":{\"@id\":\"https:\/\/www.its-industry.sk\/de\/start-up-management\/#primaryimage\"},\"thumbnailUrl\":\"https:\/\/www.its-industry.sk\/wp-content\/uploads\/2025\/08\/image.png\",\"datePublished\":\"2025-08-12T12:20:48+00:00\",\"dateModified\":\"2025-08-14T07:43:38+00:00\",\"breadcrumb\":{\"@id\":\"https:\/\/www.its-industry.sk\/de\/start-up-management\/#breadcrumb\"},\"inLanguage\":\"de\",\"potentialAction\":[{\"@type\":\"ReadAction\",\"target\":[\"https:\/\/www.its-industry.sk\/de\/start-up-management\/\"]}]},{\"@type\":\"ImageObject\",\"inLanguage\":\"de\",\"@id\":\"https:\/\/www.its-industry.sk\/de\/start-up-management\/#primaryimage\",\"url\":\"https:\/\/www.its-industry.sk\/wp-content\/uploads\/2025\/08\/image.png\",\"contentUrl\":\"https:\/\/www.its-industry.sk\/wp-content\/uploads\/2025\/08\/image.png\",\"width\":2500,\"height\":1111},{\"@type\":\"BreadcrumbList\",\"@id\":\"https:\/\/www.its-industry.sk\/de\/start-up-management\/#breadcrumb\",\"itemListElement\":[{\"@type\":\"ListItem\",\"position\":1,\"name\":\"Home\",\"item\":\"https:\/\/www.its-industry.sk\/de\/\"},{\"@type\":\"ListItem\",\"position\":2,\"name\":\"Start-up-Management\"}]},{\"@type\":\"WebSite\",\"@id\":\"https:\/\/www.its-industry.sk\/#website\",\"url\":\"https:\/\/www.its-industry.sk\/\",\"name\":\"ITS Industry\",\"description\":\"\",\"potentialAction\":[{\"@type\":\"SearchAction\",\"target\":{\"@type\":\"EntryPoint\",\"urlTemplate\":\"https:\/\/www.its-industry.sk\/?s={search_term_string}\"},\"query-input\":{\"@type\":\"PropertyValueSpecification\",\"valueRequired\":true,\"valueName\":\"search_term_string\"}}],\"inLanguage\":\"de\"}]}<\/script>\n<!-- \/ Yoast SEO plugin. -->","yoast_head_json":{"title":"Start-up-Management - ITS Industry","robots":{"index":"index","follow":"follow","max-snippet":"max-snippet:-1","max-image-preview":"max-image-preview:large","max-video-preview":"max-video-preview:-1"},"canonical":"https:\/\/www.its-industry.sk\/de\/start-up-management\/","og_locale":"de_DE","og_type":"article","og_title":"Start-up-Management - ITS Industry","og_description":"Komplette Steuerung der Inbetriebnahme neuer Produktionslinien Von der Inbetriebnahme und dem Testen \u00fcber die Schulung des Bedienpersonals bis hin zur Leistungsoptimierung sorgen wir daf\u00fcr, dass die Systeme vom ersten Tag an voll funktionsf\u00e4hig sind. KONTAKTIEREN SIE UNS Warum ITS 01 Erfahrenes Expertenteam Ein erfahrenes Team von Fachleuten mit Expertise im Management komplexer Bauprojekte. 02 Flexibilit\u00e4t [&hellip;]","og_url":"https:\/\/www.its-industry.sk\/de\/start-up-management\/","og_site_name":"ITS Industry","article_modified_time":"2025-08-14T07:43:38+00:00","og_image":[{"width":2500,"height":1111,"url":"https:\/\/www.its-industry.sk\/wp-content\/uploads\/2025\/08\/image.png","type":"image\/png"}],"twitter_card":"summary_large_image","twitter_misc":{"Gesch\u00e4tzte Lesezeit":"1\u00a0Minute"},"schema":{"@context":"https:\/\/schema.org","@graph":[{"@type":"WebPage","@id":"https:\/\/www.its-industry.sk\/de\/start-up-management\/","url":"https:\/\/www.its-industry.sk\/de\/start-up-management\/","name":"Start-up-Management - ITS Industry","isPartOf":{"@id":"https:\/\/www.its-industry.sk\/#website"},"primaryImageOfPage":{"@id":"https:\/\/www.its-industry.sk\/de\/start-up-management\/#primaryimage"},"image":{"@id":"https:\/\/www.its-industry.sk\/de\/start-up-management\/#primaryimage"},"thumbnailUrl":"https:\/\/www.its-industry.sk\/wp-content\/uploads\/2025\/08\/image.png","datePublished":"2025-08-12T12:20:48+00:00","dateModified":"2025-08-14T07:43:38+00:00","breadcrumb":{"@id":"https:\/\/www.its-industry.sk\/de\/start-up-management\/#breadcrumb"},"inLanguage":"de","potentialAction":[{"@type":"ReadAction","target":["https:\/\/www.its-industry.sk\/de\/start-up-management\/"]}]},{"@type":"ImageObject","inLanguage":"de","@id":"https:\/\/www.its-industry.sk\/de\/start-up-management\/#primaryimage","url":"https:\/\/www.its-industry.sk\/wp-content\/uploads\/2025\/08\/image.png","contentUrl":"https:\/\/www.its-industry.sk\/wp-content\/uploads\/2025\/08\/image.png","width":2500,"height":1111},{"@type":"BreadcrumbList","@id":"https:\/\/www.its-industry.sk\/de\/start-up-management\/#breadcrumb","itemListElement":[{"@type":"ListItem","position":1,"name":"Home","item":"https:\/\/www.its-industry.sk\/de\/"},{"@type":"ListItem","position":2,"name":"Start-up-Management"}]},{"@type":"WebSite","@id":"https:\/\/www.its-industry.sk\/#website","url":"https:\/\/www.its-industry.sk\/","name":"ITS Industry","description":"","potentialAction":[{"@type":"SearchAction","target":{"@type":"EntryPoint","urlTemplate":"https:\/\/www.its-industry.sk\/?s={search_term_string}"},"query-input":{"@type":"PropertyValueSpecification","valueRequired":true,"valueName":"search_term_string"}}],"inLanguage":"de"}]}},"_links":{"self":[{"href":"https:\/\/www.its-industry.sk\/de\/wp-json\/wp\/v2\/pages\/487","targetHints":{"allow":["GET"]}}],"collection":[{"href":"https:\/\/www.its-industry.sk\/de\/wp-json\/wp\/v2\/pages"}],"about":[{"href":"https:\/\/www.its-industry.sk\/de\/wp-json\/wp\/v2\/types\/page"}],"author":[{"embeddable":true,"href":"https:\/\/www.its-industry.sk\/de\/wp-json\/wp\/v2\/users\/3"}],"replies":[{"embeddable":true,"href":"https:\/\/www.its-industry.sk\/de\/wp-json\/wp\/v2\/comments?post=487"}],"version-history":[{"count":3,"href":"https:\/\/www.its-industry.sk\/de\/wp-json\/wp\/v2\/pages\/487\/revisions"}],"predecessor-version":[{"id":594,"href":"https:\/\/www.its-industry.sk\/de\/wp-json\/wp\/v2\/pages\/487\/revisions\/594"}],"wp:featuredmedia":[{"embeddable":true,"href":"https:\/\/www.its-industry.sk\/de\/wp-json\/wp\/v2\/media\/509"}],"wp:attachment":[{"href":"https:\/\/www.its-industry.sk\/de\/wp-json\/wp\/v2\/media?parent=487"}],"curies":[{"name":"wp","href":"https:\/\/api.w.org\/{rel}","templated":true}]}}